{"id":311,"date":"2023-01-23T16:33:31","date_gmt":"2023-01-23T16:33:31","guid":{"rendered":"https:\/\/new.jobstelery.com\/?page_id=311"},"modified":"2023-01-25T11:22:16","modified_gmt":"2023-01-25T11:22:16","slug":"z","status":"publish","type":"page","link":"https:\/\/new.jobstelery.com\/","title":{"rendered":"Jobstelery 1"},"content":{"rendered":"<header id=\"_header-3-311\" class=\"oxy-header-wrapper oxy-overlay-header oxy-header\" ><div id=\"_header_row-4-311\" class=\"oxy-header-row\" ><div class=\"oxy-header-container\"><div id=\"_header_left-5-311\" class=\"oxy-header-left\" ><\/div><div id=\"_header_center-6-311\" class=\"oxy-header-center\" ><\/div><div id=\"_header_right-7-311\" class=\"oxy-header-right\" ><div id=\"_social_icons-8-311\" class=\"oxy-social-icons\" ><a href='https:\/\/instagram.com' target='_blank' class='oxy-social-icons-instagram'><svg><title>Visit our Instagram jobstelery<\/title><use xlink:href='#oxy-social-icons-icon-instagram'><\/use><\/svg><\/a><a href='https:\/\/twitter.com' target='_blank' class='oxy-social-icons-twitter'><svg><title>Visit our Twitter jobstelery<\/title><use xlink:href='#oxy-social-icons-icon-twitter'><\/use><\/svg><\/a><a href='https:\/\/www.linkedin.com\/feed\/' target='_blank' class='oxy-social-icons-linkedin'><svg><title>Visit our LinkedIn jobstelery<\/title><use xlink:href='#oxy-social-icons-icon-linkedin'><\/use><\/svg><\/a><\/div><\/div><\/div><\/div><div id=\"_header_row-9-311\" class=\"oxy-header-row\" ><div class=\"oxy-header-container\"><div id=\"_header_left-10-311\" class=\"oxy-header-left\" ><a id=\"link-11-311\" class=\"ct-link atomic-logo\" href=\"https:\/\/new.jobstelery.com\/\" target=\"_self\"  ><img decoding=\"async\"  id=\"image-12-311\" alt=\"\" src=\"https:\/\/new.jobstelery.com\/wp-content\/uploads\/2023\/01\/Jobstelery-Logo.jpg\" class=\"ct-image\"\/><\/a><\/div><div id=\"_header_center-13-311\" class=\"oxy-header-center\" ><a id=\"link_button-14-311\" class=\"ct-link-button\" href=\"#text_block-44-311\" target=\"_self\"  >BIO<\/a><div id=\"div_block-15-311\" class=\"ct-div-block\" ><a id=\"link_button-16-311\" class=\"ct-link-button\" href=\"#text_block-117-311\" target=\"_self\"  >SERVICIO<\/a><\/div><div id=\"div_block-17-311\" class=\"ct-div-block\" ><a id=\"link_button-18-311\" class=\"ct-link-button\" href=\"#text_block-59-311\" target=\"_self\"  >CONTACTO<\/a><\/div><\/div><div id=\"_header_right-19-311\" class=\"oxy-header-right\" ><\/div><\/div><\/div><\/header>\n\t\t<section id=\"section-20-311\" class=\" ct-section\" ><div class=\"ct-section-inner-wrap\"><div id=\"text_block-49-311\" class=\"ct-text-block\" >Consultor\u00eda en estrategias de negocio de hosteler\u00eda<\/div><img decoding=\"async\"  id=\"image-52-311\" alt=\"\" src=\"https:\/\/new.jobstelery.com\/wp-content\/uploads\/2023\/01\/barra-amarilla.png\" class=\"ct-image\" srcset-disabled=\"https:\/\/new.jobstelery.com\/wp-content\/uploads\/2023\/01\/barra-amarilla.png 476w, https:\/\/new.jobstelery.com\/wp-content\/uploads\/2023\/01\/barra-amarilla-300x50.png 300w\" sizes=\"(max-width: 476px) 100vw, 476px\" \/><h2 id=\"headline-22-311\" class=\"ct-headline atomic-secondary-heading\">\u201cEntra en la hosteler\u00eda del s.XXI acompa\u00f1ado de los mejores profesionales\u201d <\/h2><div id=\"text_block-23-311\" class=\"ct-text-block atomic-subheading\" >Jobstelery es una consultor\u00eda personalizada, en la que la primera tarea que realizamos es escuchar las necesidades e inquietudes de nuestros clientes a la hora de emprender nuevos retos o cambios en el mundo de la restauraci\u00f3n.<\/div><div id=\"new_columns-24-311\" class=\"ct-new-columns atomic-content-26-columns\" ><div id=\"div_block-25-311\" class=\"ct-div-block\" ><div id=\"text_block-44-311\" class=\"ct-text-block\" >BIO<\/div><img decoding=\"async\"  id=\"image-46-311\" alt=\"\" src=\"https:\/\/new.jobstelery.com\/wp-content\/uploads\/2023\/01\/barra-amarilla.png\" class=\"ct-image\" srcset-disabled=\"https:\/\/new.jobstelery.com\/wp-content\/uploads\/2023\/01\/barra-amarilla.png 476w, https:\/\/new.jobstelery.com\/wp-content\/uploads\/2023\/01\/barra-amarilla-300x50.png 300w\" sizes=\"(max-width: 476px) 100vw, 476px\" \/><img decoding=\"async\"  id=\"image-27-311\" alt=\"\" src=\"https:\/\/new.jobstelery.com\/wp-content\/uploads\/2023\/01\/image.png\" class=\"ct-image atomic-content-26-image\"\/><\/div><div id=\"div_block-28-311\" class=\"ct-div-block \" ><div id=\"text_block-29-311\" class=\"ct-text-block atomic-content-26-text\" >Emprendedor precoz, Vicente Lorente ha desarrollado su carrera profesional fundamentalmente en el sector del turismo y la restauraci\u00f3n, con una breve incursi\u00f3n en el comercio internacional y las tecnolog\u00edas de la informaci\u00f3n; con m\u00e1s de 30 a\u00f1os de experiencia, ha dirigido empresas de 3 a 300 empleados y en todas ellas ha aportado su conocimiento, formaci\u00f3n y experiencia para contribuir al crecimiento y mejora de sus sistemas de trabajo.<br>Con estudios en direcci\u00f3n de empresas (Universidad de Barcelona), Comercio Internacional (UIMP), cree profundamente en la formaci\u00f3n continua y as\u00ed, se ha especializado en finanzas corporativas (IE) para aportar a las empresas que asesora una visi\u00f3n externa en la mejora de procesos para la creaci\u00f3n de valor.<br><\/div><\/div><\/div><div id=\"new_columns-115-311\" class=\"ct-new-columns atomic-content-26-columns\" ><div id=\"div_block-116-311\" class=\"ct-div-block\" ><div id=\"text_block-117-311\" class=\"ct-text-block\" >Servicios<\/div><img decoding=\"async\"  id=\"image-118-311\" alt=\"\" src=\"https:\/\/new.jobstelery.com\/wp-content\/uploads\/2023\/01\/barra-amarilla.png\" class=\"ct-image\" srcset-disabled=\"https:\/\/new.jobstelery.com\/wp-content\/uploads\/2023\/01\/barra-amarilla.png 476w, https:\/\/new.jobstelery.com\/wp-content\/uploads\/2023\/01\/barra-amarilla-300x50.png 300w\" sizes=\"(max-width: 476px) 100vw, 476px\" \/><img decoding=\"async\"  id=\"image-143-311\" alt=\"\" src=\"https:\/\/new.jobstelery.com\/wp-content\/uploads\/2023\/01\/Imagen3-300x182.jpg\" class=\"ct-image\" srcset-disabled=\"\" sizes=\"(max-width: 300px) 100vw, 300px\" \/><div id=\"text_block-121-311\" class=\"ct-text-block atomic-content-26-text\" >A qui\u00e9n podemos ayudar:<br>a emprendedores con poca o ninguna experiencia en hosteler\u00eda;<br>a empresarios e inversores sin experiencia en hosteler\u00eda;<br>a empresas de hosteler\u00eda de r\u00e1pido crecimiento que necesitan \u201cparar y pensar\u201d<br>a empresas de hosteler\u00eda en expansi\u00f3n con necesidad de redefinir estrategias o buscar nuevos nichos de mercado<br>a empresas maduras, que quieren evaluar la posibilidad de salir al mercado.<br><\/div><\/div><\/div><div id=\"new_columns-38-311\" class=\"ct-new-columns atomic-content-26-columns\" ><div id=\"div_block-39-311\" class=\"ct-div-block\" ><div id=\"text_block-40-311\" class=\"ct-text-block\" >C\u00f3mo podemos ayudar<\/div><img decoding=\"async\"  id=\"image-41-311\" alt=\"\" src=\"https:\/\/new.jobstelery.com\/wp-content\/uploads\/2023\/01\/barra-amarilla.png\" class=\"ct-image\" srcset-disabled=\"https:\/\/new.jobstelery.com\/wp-content\/uploads\/2023\/01\/barra-amarilla.png 476w, https:\/\/new.jobstelery.com\/wp-content\/uploads\/2023\/01\/barra-amarilla-300x50.png 300w\" sizes=\"(max-width: 476px) 100vw, 476px\" \/><div id=\"_rich_text-42-311\" class=\"oxy-rich-text\" ><p>Conceptualizaci&oacute;n: acompa&ntilde;amos a nuestros clientes en la definici&oacute;n de su modelo de negocio, planteando las preguntas oportunas y aclarando las incertidumbres.<\/p>\n<p>Plan de negocio: elaboramos un &ldquo;Business plan&rdquo; &uacute;nico para el proyecto que estamos desarrollando y analizando distintos escenarios a los que nos podamos adaptar.<\/p>\n<p>Auditor&iacute;a de gesti&oacute;n: estudiamos a fondo el funcionamiento de una empresa detectando puntos de mejora y optimizaci&oacute;n de recursos<\/p>\n<p>Auditor&iacute;a de calidad<\/p>\n<p>Reorganizaci&oacute;n de equipos y descripci&oacute;n de puestos de trabajo<\/p>\n<p>Estructura organizativa: reorganizamos las &aacute;reas de trabajo necesarias para adaptar las empresas a los nuevos retos.<\/p>\n<p>Planes y procesos de digitalizaci&oacute;n: asesoramos en la implementaci&oacute;n de planes parciales o integrales de digitalizaci&oacute;n. Hoy d&iacute;a, la informaci&oacute;n y el an&aacute;lisis de los datos es fundamental para una estrategia de &eacute;xito.<\/p>\n<p>Aperturas: dirigimos aperturas de nuevos proyectos de principio a fin.<\/p>\n<p>An&aacute;lisis de ubicaciones: asesoramos en la mejor ubicaci&oacute;n para cada negocio, analizando variables demogr&aacute;ficas, sociales, econ&oacute;micas, etc.<\/p>\n<p>Asesoramiento inmobiliario: acompa&ntilde;amos a los clientes en las negociaciones para la compra o arrendamiento de espacios en los que ubicar su nuevo negocio de hosteler&iacute;a.<\/p>\n<p>Due dilligence y M&amp;A: realizamos estudios de viabilidad de empresas en marcha tanto para la compra como para la venta de sociedades de hosteler&iacute;a y realizamos valoraciones econ&oacute;micas de las mismas.<\/p><\/div><\/div><\/div><\/div><\/section><section id=\"section-57-311\" class=\" ct-section\" ><div class=\"ct-section-inner-wrap\"><div id=\"div_block-58-311\" class=\"ct-div-block\" ><div id=\"text_block-59-311\" class=\"ct-text-block\" >\u00bfHablamos?<\/div><img decoding=\"async\"  id=\"image-60-311\" alt=\"\" src=\"https:\/\/new.jobstelery.com\/wp-content\/uploads\/2023\/01\/barra-amarilla.png\" class=\"ct-image\" srcset-disabled=\"https:\/\/new.jobstelery.com\/wp-content\/uploads\/2023\/01\/barra-amarilla.png 476w, https:\/\/new.jobstelery.com\/wp-content\/uploads\/2023\/01\/barra-amarilla-300x50.png 300w\" sizes=\"(max-width: 476px) 100vw, 476px\" \/><\/div><a id=\"link_text-76-311\" class=\"ct-link-text\" href=\"mailto:vicente.lorente@jobstelery.com\" target=\"_blank\"  >vicente.lorente@jobstelery.com<\/a><div id=\"text_block-77-311\" class=\"ct-text-block\" >T. 639 173 424<\/div><\/div><\/section><section id=\"section-64-311\" class=\" ct-section\" ><div class=\"ct-section-inner-wrap\"><a id=\"link-75-311\" class=\"ct-link\" href=\"#_header-3-311\"   ><img decoding=\"async\"  id=\"image-73-311\" alt=\"\" src=\"https:\/\/new.jobstelery.com\/wp-content\/uploads\/2023\/01\/Jobstelery-Logo-300x50.jpg\" class=\"ct-image\" srcset-disabled=\"\" sizes=\"(max-width: 300px) 100vw, 300px\" \/><\/a><div id=\"_social_icons-66-311\" class=\"oxy-social-icons\" ><a href='https:\/\/instagram.com' target='_blank' class='oxy-social-icons-instagram'><svg><title>Visit our Instagram<\/title><use xlink:href='#oxy-social-icons-icon-instagram'><\/use><\/svg><\/a><a href='https:\/\/twitter.com' target='_blank' class='oxy-social-icons-twitter'><svg><title>Visit our Twitter<\/title><use xlink:href='#oxy-social-icons-icon-twitter'><\/use><\/svg><\/a><a href='https:\/\/linkedin.com' target='_blank' class='oxy-social-icons-linkedin'><svg><title>Visit our LinkedIn<\/title><use xlink:href='#oxy-social-icons-icon-linkedin'><\/use><\/svg><\/a><\/div><div id=\"text_block-67-311\" class=\"ct-text-block \" >Proudly designed with <a href=\"http:\/\/oxygenbuilder.com\">Oxygen<\/a><\/div><a id=\"link_text-80-311\" class=\"ct-link-text\" href=\"https:\/\/circulum.es\/\" target=\"_blank\"  >By Circulum<\/a><\/div><\/section>","protected":false},"excerpt":{"rendered":"","protected":false},"author":1,"featured_media":0,"parent":0,"menu_order":0,"comment_status":"closed","ping_status":"closed","template":"","meta":{"footnotes":""},"class_list":["post-311","page","type-page","status-publish","hentry"],"_links":{"self":[{"href":"https:\/\/new.jobstelery.com\/index.php?rest_route=\/wp\/v2\/pages\/311","targetHints":{"allow":["GET"]}}],"collection":[{"href":"https:\/\/new.jobstelery.com\/index.php?rest_route=\/wp\/v2\/pages"}],"about":[{"href":"https:\/\/new.jobstelery.com\/index.php?rest_route=\/wp\/v2\/types\/page"}],"author":[{"embeddable":true,"href":"https:\/\/new.jobstelery.com\/index.php?rest_route=\/wp\/v2\/users\/1"}],"replies":[{"embeddable":true,"href":"https:\/\/new.jobstelery.com\/index.php?rest_route=%2Fwp%2Fv2%2Fcomments&post=311"}],"version-history":[{"count":8,"href":"https:\/\/new.jobstelery.com\/index.php?rest_route=\/wp\/v2\/pages\/311\/revisions"}],"predecessor-version":[{"id":338,"href":"https:\/\/new.jobstelery.com\/index.php?rest_route=\/wp\/v2\/pages\/311\/revisions\/338"}],"wp:attachment":[{"href":"https:\/\/new.jobstelery.com\/index.php?rest_route=%2Fwp%2Fv2%2Fmedia&parent=311"}],"curies":[{"name":"wp","href":"https:\/\/api.w.org\/{rel}","templated":true}]}}